{"id":3797,"date":"2024-04-27T22:40:46","date_gmt":"2024-04-27T22:40:46","guid":{"rendered":"https:\/\/domicilgym.optea.co\/?page_id=3797"},"modified":"2024-04-28T10:05:14","modified_gmt":"2024-04-28T10:05:14","slug":"mentions-legales","status":"publish","type":"page","link":"https:\/\/domicilgym.ch\/en\/mentions-legales\/","title":{"rendered":"Mentions l\u00e9gales"},"content":{"rendered":"<p>[et_pb_section fb_built=&#8221;1&#8243; _builder_version=&#8221;4.24.3&#8243; _module_preset=&#8221;default&#8221; global_colors_info=&#8221;{}&#8221;][et_pb_row _builder_version=&#8221;4.24.3&#8243; _module_preset=&#8221;default&#8221; global_colors_info=&#8221;{}&#8221;][et_pb_column type=&#8221;4_4&#8243; _builder_version=&#8221;4.24.3&#8243; _module_preset=&#8221;default&#8221; global_colors_info=&#8221;{}&#8221;][et_pb_text _builder_version=&#8221;4.24.3&#8243; _module_preset=&#8221;default&#8221; header_font=&#8221;|700|||||||&#8221; header_text_color=&#8221;#000000&#8243; custom_margin=&#8221;||-1px|||&#8221; global_colors_info=&#8221;{}&#8221;]<\/p>\n<h1>Mentions l\u00e9gales<\/h1>\n<p>[\/et_pb_text][et_pb_divider color=&#8221;#000000&#8243; divider_weight=&#8221;10px&#8221; _builder_version=&#8221;4.24.3&#8243; _module_preset=&#8221;default&#8221; transform_skew=&#8221;-40deg|0deg&#8221; transform_skew_linked=&#8221;off&#8221; width=&#8221;60px&#8221; custom_margin=&#8221;||0px||false|false&#8221; global_module=&#8221;731&#8243; saved_tabs=&#8221;all&#8221; locked=&#8221;off&#8221; global_colors_info=&#8221;{}&#8221;][\/et_pb_divider][et_pb_text _builder_version=&#8221;4.24.3&#8243; _module_preset=&#8221;default&#8221; header_font=&#8221;|700|||||||&#8221; custom_margin=&#8221;20px|||||&#8221; global_colors_info=&#8221;{}&#8221;]<\/p>\n<p>Pour tous renseignements ou pour r\u00e9server vos prochains cours, n\u2019h\u00e9sitez pas \u00e0 nous contacter au 0 800 970 425 (appel gratuit et non surtax\u00e9)<\/p>\n<p>\u00c9diteur<\/p>\n<p>Le site https:\/\/www.domicilgym.fr est \u00e9dit\u00e9 par :<\/p>\n<p>58, Chemin du Chapitre \u2013 31100 TOULOUSE<\/p>\n<p>Tel : 05 61 25 84 70<\/p>\n<p>N\u00b0SIRET: 402 685 085 00027<\/p>\n<p>Directeur de la publication : M. Didier MESSAL<\/p>\n<p>Conception, r\u00e9alisation et h\u00e9bergement du site internet : RBMG Consulting Group \u2013 <span>13 Port Saint-\u00c9tienne, 31000 Toulouse<\/span><\/p>\n<p>DECLARATION CNIL \u2013 Num\u00e9ro : 2078851v0 le 30 Juin 2017<br \/>Propri\u00e9t\u00e9 intellectuelle<br \/>Tous les contenus de ce site Internet sont prot\u00e9g\u00e9s par les lois fran\u00e7aises et internationales du droit d\u2019auteur.<\/p>\n<p>Toute reproduction est interdite sans autorisation.<\/p>\n<p>Donn\u00e9es Personnelles<br \/>Domicil\u2019Gym s\u2019engage \u00e0 respecter la vie priv\u00e9e des personnes qui utilisent son Site internet, ainsi que la confidentialit\u00e9 des donn\u00e9es et informations qui lui sont communiqu\u00e9es.<\/p>\n<p>Conform\u00e9ment \u00e0 la loi n \u00b0 2004-801 du 6 ao\u00fbt 2004 relative \u00e0 la protection des personnes physiques \u00e0 l\u2019\u00e9gard des traitements de donn\u00e9es \u00e0 caract\u00e8re personnel et modifiant la loi n \u00b078-17 du 6 janvier 1978 relative \u00e0 l\u2019informatique, aux fichiers et aux libert\u00e9s, l\u2019Internaute dispose d\u2019un droit d\u2019acc\u00e8s, de modification et de suppression des informations qui le concerne, et qu\u2019il peut exercer \u00e0 tout moment aupr\u00e8s de Domicil\u2019Gym \u00e0 l\u2019adresse postale suivante : Domicil\u2019Gym \u2013 58 Chemin du Chapitre 31100 TOULOUSE- France ou par t\u00e9l\u00e9phone au num\u00e9ro suivant : 05.61.25.84.70.<\/p>\n<p>Domicil\u2019Gym s\u2019engage \u00e0 mettre en \u0153uvre tous les moyens \u00e0 sa disposition pour assurer la s\u00e9curit\u00e9 et la confidentialit\u00e9 des informations et donn\u00e9es transmises par l\u2019internaute sur son Site Internet.<\/p>\n<p>Domicil\u2019Gym s\u2019engage notamment \u00e0 ne pas divulguer les informations confidentielles qui pourraient lui \u00eatre communiqu\u00e9es par l\u2019internaute.<\/p>\n<p>Lors de l\u2019envoi d\u2019un formulaire ou de l\u2019inscription \u00e0 la newsletter sur le Site Internet de Domicil\u2019Gym, l\u2019Internaute a la possibilit\u00e9 de choisir que des informations et propositions commerciales lui soient transmises par Domicil\u2019Gym, ses soci\u00e9t\u00e9s filiales et ses partenaires commerciaux.<\/p>\n<p>Pour le cas o\u00f9 le l\u2019internaute souhaiterait revenir sur sa demande de transmission, l\u2019Internaute a \u00e9galement la possibilit\u00e9, soit de cliquer sur le lien pr\u00e9sent sur les lettres d\u2019information de Domicil\u2019Gym, soit de faire une demande par l\u2019interm\u00e9diaire du formulaire de contact, soit de faire parvenir \u00e0 Domicil\u2019Gym \u00e0 l\u2019adresse postale suivante : Domicil\u2019Gym \u2013 58 Chemin du Chapitre 31100 TOULOUSE- France ou par t\u00e9l\u00e9phone au num\u00e9ro suivant : 05.61.25.84.70. en pr\u00e9cisant les informations \u00e0 supprimer.<\/p>\n<p>Cookies<br \/>D\u00e9finition du cookie<\/p>\n<p>Un cookie est un petit fichier texte qui est plac\u00e9 ou stock\u00e9 sur votre terminal (ordinateur, tablette ou appareil mobile) lorsque vous visitez un site internet. Le cookie permet \u00e0 un site de vous reconna\u00eetre, de vous aider \u00e0 naviguer de page en page sur un site internet, fournit des connexions s\u00e9curis\u00e9es et se souvient de vos pr\u00e9f\u00e9rences lors de vos prochaines visites.<\/p>\n<p>Domicil\u2019Gym a recours \u00e0 l\u2019utilisation de cookies afin de reconna\u00eetre l\u2019Utilisateur (Client ou non) lors de sa connexion sur le Site.<\/p>\n<p>Suppression des cookies<\/p>\n<p>L\u2019Utilisateur peut \u00e0 tout moment d\u00e9sactiver les cookies enregistr\u00e9s sur son terminal. Pour cela, il lui suffit de s\u00e9lectionner les param\u00e8tres appropri\u00e9s dans son navigateur.<\/p>\n<p>Les diff\u00e9rents types de cookies utilis\u00e9s<\/p>\n<p>Les cookies strictement n\u00e9cessaires : ces cookies vous permettent de naviguer sur le Site et sont indispensables au bon fonctionnement du Site. Leur d\u00e9sactivation entra\u00eenera des difficult\u00e9s dans l\u2019utilisation du Site et aura pour cons\u00e9quence d\u2019emp\u00eacher l\u2019acc\u00e8s \u00e0 certaines fonctionnalit\u00e9s.<\/p>\n<p>Les cookies fonctionnels : ces cookies permettent de m\u00e9moriser vos pr\u00e9f\u00e9rences, vos choix afin de personnaliser votre exp\u00e9rience sur le Site.<\/p>\n<p>Les cookies de performance et statistiques : ces cookies collectent des informations sur la fa\u00e7on dont les Utilisateurs utilisent le Site (le nombre de visites, le nombre de pages consult\u00e9es, l\u2019activit\u00e9 des visiteurs) via l\u2019outil d\u2019analyse Google Analytics. Ces cookies nous permettent \u00e9galement d\u2019identifier et de r\u00e9soudre les probl\u00e8mes de fonctionnement du Site et de l\u2019am\u00e9liorer.<\/p>\n<p>Les cookies publicitaires : ces cookies enregistrent des informations pour vous adresser des publicit\u00e9s personnalis\u00e9es et adapt\u00e9es en fonction de vos centres d\u2019int\u00e9r\u00eats. Ils nous aident \u00e9galement \u00e0 comptabiliser l\u2019activit\u00e9 de nos espaces publicitaires, \u00e0 mesurer l\u2019audience, etc\u2026). Par exemple, les cookies li\u00e9s aux op\u00e9rations relatives \u00e0 la publicit\u00e9 cibl\u00e9e, traceurs de r\u00e9seaux sociaux g\u00e9n\u00e9r\u00e9s par les boutons de partage de r\u00e9seaux sociaux tels que Facebook, Twitter, Pinterest, Youtube, Google +, Instagram (Plugins sociaux). Ces boutons s\u2019activent d\u00e8s que l\u2019Utilisateur clique dessus.<\/p>\n<p>Domicil\u2019Gym ne g\u00e8re pas les donn\u00e9es collect\u00e9es par les r\u00e9seaux sociaux via les boutons. L\u2019Utilisateur devra prendre connaissance de la politique relative \u00e0 la protection des donn\u00e9es personnelles publi\u00e9e par les r\u00e9seaux sociaux concern\u00e9s afin de conna\u00eetre les modalit\u00e9s de traitement et d\u2019utilisation des donn\u00e9es recueillies par ces derniers ainsi que les possibilit\u00e9s de param\u00e9trages dont il dispose pour prot\u00e9ger sa vie priv\u00e9e.<\/p>\n<p>Les cookies partenaires : ces cookies plac\u00e9s sur le terminal par des soci\u00e9t\u00e9s partenaires permettent d\u2019identifier les articles consult\u00e9s ou achet\u00e9s sur le Site et de collecter des donn\u00e9es de navigation afin de personnaliser l\u2019offre publicitaire qui est adress\u00e9e \u00e0 l\u2019Utilisateur\/ Client en dehors du Site. Dans le cadre de ce type de partenariat publicitaire, Domicil\u2019Gym peut \u00eatre amen\u00e9 \u00e0 transmettre au partenaire des donn\u00e9es concernant les articles consult\u00e9s par le Client lors de sa navigation sur le site ainsi que la nature de ses achats. Le Client peut refuser ces cookies \u00e0 tout moment en s\u00e9lectionnant les param\u00e8tres appropri\u00e9s dans son navigateur. Ce refus aura pour cons\u00e9quence d\u2019emp\u00eacher l\u2019acc\u00e8s \u00e0 certaines fonctionnalit\u00e9s propos\u00e9es par les soci\u00e9t\u00e9s partenaires de Domicil\u2019Gym<\/p>\n<p>La gestion des cookies<\/p>\n<p>Pour la gestion des cookies et de vos choix, la configuration de chaque navigateur est diff\u00e9rente. Elle est d\u00e9crite dans le menu d\u2019aide de votre navigateur, qui vous permettra de savoir de quelle mani\u00e8re modifier vos souhaits en mati\u00e8re de cookies.<\/p>\n<p>D\u00e9sactivation des cookies via les principaux navigateurs :<\/p>\n<p>Internet explorer<\/p>\n<p>1) Dans le menu \u00ab Outils \u00bb, s\u00e9lectionnez \u00ab Options Internet \u00bb<\/p>\n<p>2) Cliquez ensuite sur l\u2019onglet \u00ab Confidentialit\u00e9 \u00bb<\/p>\n<p>3) Cliquez sur le bouton \u00ab Avanc\u00e9 \u00bb pour faire apparaitre la fen\u00eatre<\/p>\n<p>\u00ab Param\u00e8tres de confidentialit\u00e9 avanc\u00e9s \u00bb.<\/p>\n<p>4) Cochez ensuite la case \u00ab Ignorer la gestion automatique des cookies \u00bb, puis s\u00e9lectionnez \u00ab Refuser \u00bb et sauvegardez vos pr\u00e9f\u00e9rences en cliquant sur \u00ab OK \u00bb.<\/p>\n<p>Mozilla Firefox<\/p>\n<p>1) Dans le menu en haut de la page cliquez sur \u00ab Outils \u00bb, puis \u00ab Options \u00bb<\/p>\n<p>2) S\u00e9lectionnez l\u2019onglet \u00ab Vie priv\u00e9e \u00bb<\/p>\n<p>3) Param\u00e9trer le menu \u00ab R\u00e8gles de conservation \u00bb, cliquez sur \u00ab utiliser les param\u00e8tres personnalis\u00e9s pour l\u2019historique \u00bb<\/p>\n<p>4) D\u00e9cochez la case \u00ab accepter les cookies tiers \u00bb et sauvegardez vos pr\u00e9f\u00e9rences en cliquant sur \u00ab OK \u00bb.<\/p>\n<p>Google Chrome<\/p>\n<p>1) Dans le menu, cliquez sur \u00ab Param\u00e8tres \u00bb puis sur \u00ab Afficher les param\u00e8tres avanc\u00e9s \u00bb<\/p>\n<p>2) S\u00e9lectionnez l\u2019onglet \u00ab Confidentialit\u00e9 \u00bb puis le menu \u00ab Param\u00e8tres de contenus \u00bb.<\/p>\n<p>3) Cochez la case \u00ab Bloquer les cookies et donn\u00e9es de sites tiers \u00bb et sauvegardez vos pr\u00e9f\u00e9rences en cliquant sur \u00ab OK \u00bb.<\/p>\n<p>Safari<\/p>\n<p>1) Dans le menu en haut de la page, cliquez sur \u00ab Safari \u00bb, puis \u00ab Pr\u00e9f\u00e9rences \u00bb<\/p>\n<p>2) Cliquez sur l\u2019onglet \u00ab Confidentialit\u00e9 \u00bb<\/p>\n<p>3) D\u00e9cochez la case \u00ab Accepter les cookies \u00bb et sauvegardez vos pr\u00e9f\u00e9rences.<\/p>\n<p>D\u00e9sactivation via une plateforme interprofessionnelle<\/p>\n<p>Vous pouvez \u00e9galement vous connecter au site Youronlinechoices, propos\u00e9 par les professionnels de la publicit\u00e9 digitale regroup\u00e9s au sein de l\u2019association europ\u00e9enne EDAA (European Digital Advertising Alliance) et g\u00e9r\u00e9 en France par l\u2019Interactive Advertising Bureau France.<\/p>\n<p>Cette plate-forme europ\u00e9enne est partag\u00e9e par des centaines de professionnels de la publicit\u00e9 sur Internet et constitue une interface centralis\u00e9e vous permettant d\u2019exprimer votre refus ou votre acceptation des cookies susceptibles d\u2019\u00eatre utilis\u00e9s afin d\u2019adapter \u00e0 la navigation de votre terminal les publicit\u00e9s susceptibles d\u2019y \u00eatre affich\u00e9es : http:\/\/www.youronlinechoices.com\/fr\/controler-ses-cookies\/.<\/p>\n<p>Notez que cette proc\u00e9dure n\u2019emp\u00eachera pas l\u2019affichage de publicit\u00e9s sur les sites Internet que vous visitez. Elle ne bloquera que les technologies qui permettent d\u2019adapter des publicit\u00e9s \u00e0 vos centres d\u2019int\u00e9r\u00eats.<\/p>\n<p>Balises Web<\/p>\n<p>Domicil\u2019Gym utilise des balises web sur certaines pages du Site qui permettent de compter le nombre de visiteurs de la page. Ces balises web peuvent \u00eatre utilis\u00e9es avec certains de nos partenaires commerciaux, notamment afin de mesurer et am\u00e9liorer l\u2019efficacit\u00e9 de certaines publicit\u00e9s.<\/p>\n<p>Les informations collect\u00e9es via ces balises web sont anonymes et permettent de conna\u00eetre la fr\u00e9quentation de certaines pages du Site, et ce afin de mieux assister les Utilisateurs du Site.<\/p>\n<p>[\/et_pb_text][\/et_pb_column][\/et_pb_row][\/et_pb_section]<\/p>\n","protected":false},"excerpt":{"rendered":"<p>Mentions l\u00e9galesPour tous renseignements ou pour r\u00e9server vos prochains cours, n\u2019h\u00e9sitez pas \u00e0 nous contacter au 0 800 970 425 (appel gratuit et non surtax\u00e9) \u00c9diteur Le site https:\/\/www.domicilgym.fr est \u00e9dit\u00e9 par : 58, Chemin du Chapitre \u2013 31100 TOULOUSE Tel : 05 61 25 84 70 N\u00b0SIRET: 402 685 085 00027 Directeur de la [&hellip;]<\/p>\n","protected":false},"author":1,"featured_media":0,"parent":0,"menu_order":0,"comment_status":"closed","ping_status":"closed","template":"","meta":{"_et_pb_use_builder":"on","_et_pb_old_content":"","_et_gb_content_width":"","footnotes":""},"class_list":["post-3797","page","type-page","status-publish","hentry"],"yoast_head":"<!-- This site is optimized with the Yoast SEO plugin v27.4 - https:\/\/yoast.com\/product\/yoast-seo-wordpress\/ -->\n<title>Mentions l\u00e9gales | Domicil&#039;Gym \u00ae<\/title>\n<meta name=\"robots\" content=\"index, follow, max-snippet:-1, max-image-preview:large, max-video-preview:-1\" \/>\n<link rel=\"canonical\" href=\"https:\/\/domicilgym.ch\/mentions-legales\/\" \/>\n<meta property=\"og:locale\" content=\"en_US\" \/>\n<meta property=\"og:type\" content=\"article\" \/>\n<meta property=\"og:title\" content=\"Mentions l\u00e9gales | Domicil&#039;Gym \u00ae\" \/>\n<meta property=\"og:description\" content=\"Mentions l\u00e9galesPour tous renseignements ou pour r\u00e9server vos prochains cours, n\u2019h\u00e9sitez pas \u00e0 nous contacter au 0 800 970 425 (appel gratuit et non surtax\u00e9) \u00c9diteur Le site https:\/\/www.domicilgym.fr est \u00e9dit\u00e9 par : 58, Chemin du Chapitre \u2013 31100 TOULOUSE Tel : 05 61 25 84 70 N\u00b0SIRET: 402 685 085 00027 Directeur de la [&hellip;]\" \/>\n<meta property=\"og:url\" content=\"https:\/\/domicilgym.ch\/mentions-legales\/\" \/>\n<meta property=\"og:site_name\" content=\"Domicil&#039;Gym \u00ae\" \/>\n<meta property=\"article:modified_time\" content=\"2024-04-28T10:05:14+00:00\" \/>\n<meta name=\"twitter:card\" content=\"summary_large_image\" \/>\n<script type=\"application\/ld+json\" class=\"yoast-schema-graph\">{\"@context\":\"https:\\\/\\\/schema.org\",\"@graph\":[{\"@type\":\"WebPage\",\"@id\":\"https:\\\/\\\/domicilgym.ch\\\/mentions-legales\\\/\",\"url\":\"https:\\\/\\\/domicilgym.ch\\\/mentions-legales\\\/\",\"name\":\"Mentions l\u00e9gales | Domicil&#039;Gym \u00ae\",\"isPartOf\":{\"@id\":\"https:\\\/\\\/domicilgym.ch\\\/#website\"},\"datePublished\":\"2024-04-27T22:40:46+00:00\",\"dateModified\":\"2024-04-28T10:05:14+00:00\",\"breadcrumb\":{\"@id\":\"https:\\\/\\\/domicilgym.ch\\\/mentions-legales\\\/#breadcrumb\"},\"inLanguage\":\"en-US\",\"potentialAction\":[{\"@type\":\"ReadAction\",\"target\":[\"https:\\\/\\\/domicilgym.ch\\\/mentions-legales\\\/\"]}]},{\"@type\":\"BreadcrumbList\",\"@id\":\"https:\\\/\\\/domicilgym.ch\\\/mentions-legales\\\/#breadcrumb\",\"itemListElement\":[{\"@type\":\"ListItem\",\"position\":1,\"name\":\"Home\",\"item\":\"https:\\\/\\\/domicilgym.ch\\\/\"},{\"@type\":\"ListItem\",\"position\":2,\"name\":\"Mentions l\u00e9gales\"}]},{\"@type\":\"WebSite\",\"@id\":\"https:\\\/\\\/domicilgym.ch\\\/#website\",\"url\":\"https:\\\/\\\/domicilgym.ch\\\/\",\"name\":\"Domicil&#039;Gym \u00ae\",\"description\":\"Coach Sportif A Domicile\",\"potentialAction\":[{\"@type\":\"SearchAction\",\"target\":{\"@type\":\"EntryPoint\",\"urlTemplate\":\"https:\\\/\\\/domicilgym.ch\\\/?s={search_term_string}\"},\"query-input\":{\"@type\":\"PropertyValueSpecification\",\"valueRequired\":true,\"valueName\":\"search_term_string\"}}],\"inLanguage\":\"en-US\"}]}<\/script>\n<!-- \/ Yoast SEO plugin. -->","yoast_head_json":{"title":"Mentions l\u00e9gales | Domicil&#039;Gym \u00ae","robots":{"index":"index","follow":"follow","max-snippet":"max-snippet:-1","max-image-preview":"max-image-preview:large","max-video-preview":"max-video-preview:-1"},"canonical":"https:\/\/domicilgym.ch\/mentions-legales\/","og_locale":"en_US","og_type":"article","og_title":"Mentions l\u00e9gales | Domicil&#039;Gym \u00ae","og_description":"Mentions l\u00e9galesPour tous renseignements ou pour r\u00e9server vos prochains cours, n\u2019h\u00e9sitez pas \u00e0 nous contacter au 0 800 970 425 (appel gratuit et non surtax\u00e9) \u00c9diteur Le site https:\/\/www.domicilgym.fr est \u00e9dit\u00e9 par : 58, Chemin du Chapitre \u2013 31100 TOULOUSE Tel : 05 61 25 84 70 N\u00b0SIRET: 402 685 085 00027 Directeur de la [&hellip;]","og_url":"https:\/\/domicilgym.ch\/mentions-legales\/","og_site_name":"Domicil&#039;Gym \u00ae","article_modified_time":"2024-04-28T10:05:14+00:00","twitter_card":"summary_large_image","schema":{"@context":"https:\/\/schema.org","@graph":[{"@type":"WebPage","@id":"https:\/\/domicilgym.ch\/mentions-legales\/","url":"https:\/\/domicilgym.ch\/mentions-legales\/","name":"Mentions l\u00e9gales | Domicil&#039;Gym \u00ae","isPartOf":{"@id":"https:\/\/domicilgym.ch\/#website"},"datePublished":"2024-04-27T22:40:46+00:00","dateModified":"2024-04-28T10:05:14+00:00","breadcrumb":{"@id":"https:\/\/domicilgym.ch\/mentions-legales\/#breadcrumb"},"inLanguage":"en-US","potentialAction":[{"@type":"ReadAction","target":["https:\/\/domicilgym.ch\/mentions-legales\/"]}]},{"@type":"BreadcrumbList","@id":"https:\/\/domicilgym.ch\/mentions-legales\/#breadcrumb","itemListElement":[{"@type":"ListItem","position":1,"name":"Home","item":"https:\/\/domicilgym.ch\/"},{"@type":"ListItem","position":2,"name":"Mentions l\u00e9gales"}]},{"@type":"WebSite","@id":"https:\/\/domicilgym.ch\/#website","url":"https:\/\/domicilgym.ch\/","name":"Domicil&#039;Gym \u00ae","description":"Coach Sportif A Domicile","potentialAction":[{"@type":"SearchAction","target":{"@type":"EntryPoint","urlTemplate":"https:\/\/domicilgym.ch\/?s={search_term_string}"},"query-input":{"@type":"PropertyValueSpecification","valueRequired":true,"valueName":"search_term_string"}}],"inLanguage":"en-US"}]}},"_links":{"self":[{"href":"https:\/\/domicilgym.ch\/en\/wp-json\/wp\/v2\/pages\/3797","targetHints":{"allow":["GET"]}}],"collection":[{"href":"https:\/\/domicilgym.ch\/en\/wp-json\/wp\/v2\/pages"}],"about":[{"href":"https:\/\/domicilgym.ch\/en\/wp-json\/wp\/v2\/types\/page"}],"author":[{"embeddable":true,"href":"https:\/\/domicilgym.ch\/en\/wp-json\/wp\/v2\/users\/1"}],"replies":[{"embeddable":true,"href":"https:\/\/domicilgym.ch\/en\/wp-json\/wp\/v2\/comments?post=3797"}],"version-history":[{"count":4,"href":"https:\/\/domicilgym.ch\/en\/wp-json\/wp\/v2\/pages\/3797\/revisions"}],"predecessor-version":[{"id":3821,"href":"https:\/\/domicilgym.ch\/en\/wp-json\/wp\/v2\/pages\/3797\/revisions\/3821"}],"wp:attachment":[{"href":"https:\/\/domicilgym.ch\/en\/wp-json\/wp\/v2\/media?parent=3797"}],"curies":[{"name":"wp","href":"https:\/\/api.w.org\/{rel}","templated":true}]}}